{"id":6696,"date":"2026-04-05T10:58:02","date_gmt":"2026-04-05T15:58:02","guid":{"rendered":"https:\/\/moraventas.com\/index.php\/product\/casa-barrio-niza-cucuta\/"},"modified":"2026-04-05T10:58:10","modified_gmt":"2026-04-05T15:58:10","slug":"casa-barrio-niza-cucuta","status":"publish","type":"product","link":"https:\/\/moraventas.com\/index.php\/product\/casa-barrio-niza-cucuta\/","title":{"rendered":"CASA BARRIO NIZA CUCUTA"},"content":{"rendered":"<p>C\u00f3moda, amplia y acogedora casa, de un solo piso, situada en el barrio Niza de Cucuta.<\/p>\n<p>Tiene 4 habitaciones, 3 ba\u00f1os, parqueadero cubierto para un veh\u00edculo, sala, comedor, patio de ropas.<\/p>\n<p>Est\u00e1 en situaci\u00f3n privilegiada, con acceso r\u00e1pido al Centro, Comercial, Jard\u00edn Plaza, Universidad Francisco, de Paula Santander, Centro, Comercial, Unicentro, Clinica, Duarte; todo a pocos minutos de distancia<\/p>\n<p>\u00c1rea 140 m\u00b2<\/p>\n<p>Estrato 4<\/p>\n<p>C\u00f3digo 310326<\/p>\n","protected":false},"excerpt":{"rendered":"<p>C\u00f3moda, amplia y acogedora casa, de un solo piso, situada en el barrio Niza de Cucuta. Tiene 4 habitaciones, 3 ba\u00f1os, parqueadero cubierto para un veh\u00edculo, sala, comedor, patio de ropas. Est\u00e1 en situaci\u00f3n privilegiada, con acceso r\u00e1pido al Centro, Comercial, Jard\u00edn Plaza, Universidad Francisco, de Paula Santander, Centro, Comercial, Unicentro, Clinica, Duarte; todo a &hellip;<\/p>\n<p class=\"read-more\"> <a class=\"\" href=\"https:\/\/moraventas.com\/index.php\/product\/casa-barrio-niza-cucuta\/\"> <span class=\"screen-reader-text\">CASA BARRIO NIZA CUCUTA<\/span> Leer m\u00e1s &raquo;<\/a><\/p>\n","protected":false},"featured_media":6695,"comment_status":"open","ping_status":"closed","template":"","meta":{"om_disable_all_campaigns":false,"_monsterinsights_skip_tracking":false,"_monsterinsights_sitenote_active":false,"_monsterinsights_sitenote_note":"","_monsterinsights_sitenote_category":0,"spay_email":""},"product_cat":[75],"product_tag":[],"class_list":["post-6696","product","type-product","status-publish","has-post-thumbnail","hentry","product_cat-venta"],"_links":{"self":[{"href":"https:\/\/moraventas.com\/index.php\/wp-json\/wp\/v2\/product\/6696","targetHints":{"allow":["GET"]}}],"collection":[{"href":"https:\/\/moraventas.com\/index.php\/wp-json\/wp\/v2\/product"}],"about":[{"href":"https:\/\/moraventas.com\/index.php\/wp-json\/wp\/v2\/types\/product"}],"replies":[{"embeddable":true,"href":"https:\/\/moraventas.com\/index.php\/wp-json\/wp\/v2\/comments?post=6696"}],"wp:featuredmedia":[{"embeddable":true,"href":"https:\/\/moraventas.com\/index.php\/wp-json\/wp\/v2\/media\/6695"}],"wp:attachment":[{"href":"https:\/\/moraventas.com\/index.php\/wp-json\/wp\/v2\/media?parent=6696"}],"wp:term":[{"taxonomy":"product_cat","embeddable":true,"href":"https:\/\/moraventas.com\/index.php\/wp-json\/wp\/v2\/product_cat?post=6696"},{"taxonomy":"product_tag","embeddable":true,"href":"https:\/\/moraventas.com\/index.php\/wp-json\/wp\/v2\/product_tag?post=6696"}],"curies":[{"name":"wp","href":"https:\/\/api.w.org\/{rel}","templated":true}]}}